{"id":171,"date":"2016-07-23T12:55:13","date_gmt":"2016-07-23T12:55:13","guid":{"rendered":"https:\/\/nordicopen.dance\/?page_id=171"},"modified":"2017-12-20T21:29:26","modified_gmt":"2017-12-20T21:29:26","slug":"press","status":"publish","type":"page","link":"https:\/\/nordicopen.dance\/?page_id=171","title":{"rendered":"Press"},"content":{"rendered":"<p>PRESSEMEDDELELSE<\/p>\n<p>K\u00f8benhavn, dec. 2017<\/p>\n<h1>For 10. gang fejrer Nordic Open mangfoldighed p\u00e5 dansegulvet<\/h1>\n<p><strong>I \u00e5r er det 10. gang, at K\u00f8benhavn l\u00e6gger dansegulv til det internationale dansest\u00e6vne Nordic Open, der tiltr\u00e6kker op mod 500 deltagere og publikummer. DGI-byen vil igen i \u00e5r v\u00e6re stedet, hvor dansepar af samme k\u00f8n s\u00e5vel som mixed-par fra hele verden vil fejre mangfoldighed p\u00e5 en festlig og farverig dag med sportsdans p\u00e5 alle niveauer.<\/strong><\/p>\n<p>Laksko, tuxedos, pailletter og bling. Den k\u00f8benhavnske danseforening PanDans g\u00f8r det igen. Faktisk for 10. gang. For om f\u00e5 uger fylder vi igen DGI-byens st\u00f8rste hal med sportsdansere, publikummer og dommere fra hele verden. Op mod 500 mennesker samles p\u00e5 dansegulv og publikumsr\u00e6kker til en dag fuld af konkurrence\u00e5nd og mangfoldighed.<\/p>\n<p>\u201dIgen i \u00e5r har vi dansepar p\u00e5 alle niveauer. Nordic Open er s\u00e5 etableret p\u00e5 den internationale scene for same-sex-dancing, at vi tiltr\u00e6kker h\u00f8jtkvalificerede dansere fra hele verden,\u201d fort\u00e6ller initiativtager og projektleder Niels Henrik Hartvigson.<\/p>\n<p>Nordic Open er \u00e5ben for par af b\u00e5de samme og modsat k\u00f8n, og som det eneste sportsdanserst\u00e6vne p\u00e5 dansk jord har Nordic Open r\u00e6kker for b\u00e5de mand-mand, dame-dame og mixede par. Nordic Open er p\u00e5 tilskuerr\u00e6kkerne \u00e5ben for alle danseinteresserede, der vil opleve et unikt event i K\u00f8benhavn.<\/p>\n<p>\u201dNordic Open placerer K\u00f8benhavn i forreste r\u00e6kke, hvad ang\u00e5r sport, kultur, mangfoldighed og accept. Det er den eneste begivenhed af sin slags i hele Norden, og den er et unikt tilbud til b\u00e5de k\u00f8benhavnere og turister,\u201d fort\u00e6ller Niels Henrik Hartvigson.<\/p>\n<p>DGI-byen gl\u00e6der sig ogs\u00e5 til Nordic Open igen, lyder det fra sport- og kulturchef Anne Liisberg:<\/p>\n<p>\u201cNordic Open bibringer \u00e5benhed, inklusion og mangfoldighed til DGI-byen. Af den grund er vi, i DGI-byen, stolte af at huse Nordic Open for 10. \u00e5r i tr\u00e6k og h\u00e5ber p\u00e5 mange flere \u00e5r i fremtiden\u201d.<\/p>\n<p>&nbsp;<\/p>\n<h2><strong>Nordic Open &#8211; l\u00f8rdag d. 30. dec. 2017<\/strong><\/h2>\n<h2><strong>Kl. 10-20 i DGI-byen<\/strong><\/h2>\n<p>&nbsp;<\/p>\n<p>Nordic Opens historie: I sommeren 2003 afholdt PanDans den f\u00f8rste danseturnering for same sex-par under sportsst\u00e6vnet EuroGames med 2.500 deltagere fra hele Europa. Danseturneringen blev s\u00e5 stor en succes \u2013 ikke mindst i fht. pressed\u00e6kning og et begejstret publikum \u2013 at Nordic Open, som konkurrencen efterf\u00f8lgende hed, er blevet afholdt siden 2005. I 2007 blev initiativtagerne til Nordic Open, Niels Henrik Hartvigson og Mette Bugge, indstillet til prisen \u00c5RETS HOMO af Landsforeningen for b\u00f8sser og lesbiske. I 2010 blev PanDans indstillet til SPORTSPRISEN af Copenhagen Gay &amp; Lesbian Chamber of Commerce.<\/p>\n<p><em>Pressekontakt:<br \/>\n<\/em><em>Niels Henrik Hartvigson, initiativtager og projektleder, tlf 29910602,\u00a0<\/em><a href=\"mailto:nielshenrik@hotmail.com\"><em>nielshenrik@hotmail.com<\/em><\/a><em> Lucas Ejby Seidenfaden, danser og pr-ansvarlig, <\/em><a href=\"mailto:nordicopen@pandans.dk?subject=Housing\"><em>nordicopen@pandans.dk<\/em><\/a><\/p>\n<p><em>Pressebilleder: <\/em><\/p>\n<p><a href=\"https:\/\/l.facebook.com\/l.php?u=http%3A%2F%2Fwww.pandans.dk%2Fnordic%2F%3Fpage_id%3D629&amp;h=ATPExHp7I1cuQR7__Xpt9i_53AzWMhrV35otRtuZ_DfImVoM1QGXvS4xnUJpggYHqpPE_cAiUMhflz73aubMiCqvppRUt4AOXFbtNAB6RABBHvS69KiuSGq-fjX0giMG6LVhFABwkw\"><em>https:\/\/nordicopen.dance\/?page_id=629<\/em><\/a><em> og <\/em><a href=\"https:\/\/l.facebook.com\/l.php?u=http%3A%2F%2Fwww.pandans.dk%2Fnordic%2F%3Fpage_id%3D616&amp;h=ATPExHp7I1cuQR7__Xpt9i_53AzWMhrV35otRtuZ_DfImVoM1QGXvS4xnUJpggYHqpPE_cAiUMhflz73aubMiCqvppRUt4AOXFbtNAB6RABBHvS69KiuSGq-fjX0giMG6LVhFABwkw\"><em>https:\/\/nordicopen.dance\/?page_id=616<\/em><\/a><\/p>\n","protected":false},"excerpt":{"rendered":"<p>PRESSEMEDDELELSE K\u00f8benhavn, dec. 2017 For 10. gang fejrer Nordic Open mangfoldighed p\u00e5 dansegulvet I \u00e5r er det 10. gang, at K\u00f8benhavn l\u00e6gger dansegulv til det internationale dansest\u00e6vne Nordic Open, der tiltr\u00e6kker op mod 500 deltagere og publikummer. DGI-byen vil igen i \u00e5r v\u00e6re stedet, hvor dansepar af samme k\u00f8n s\u00e5vel som mixed-par fra hele verden [&hellip;]<\/p>\n","protected":false},"author":2,"featured_media":0,"parent":0,"menu_order":0,"comment_status":"closed","ping_status":"closed","template":"","meta":{"footnotes":""},"_links":{"self":[{"href":"https:\/\/nordicopen.dance\/index.php?rest_route=\/wp\/v2\/pages\/171"}],"collection":[{"href":"https:\/\/nordicopen.dance\/index.php?rest_route=\/wp\/v2\/pages"}],"about":[{"href":"https:\/\/nordicopen.dance\/index.php?rest_route=\/wp\/v2\/types\/page"}],"author":[{"embeddable":true,"href":"https:\/\/nordicopen.dance\/index.php?rest_route=\/wp\/v2\/users\/2"}],"replies":[{"embeddable":true,"href":"https:\/\/nordicopen.dance\/index.php?rest_route=%2Fwp%2Fv2%2Fcomments&post=171"}],"version-history":[{"count":4,"href":"https:\/\/nordicopen.dance\/index.php?rest_route=\/wp\/v2\/pages\/171\/revisions"}],"predecessor-version":[{"id":643,"href":"https:\/\/nordicopen.dance\/index.php?rest_route=\/wp\/v2\/pages\/171\/revisions\/643"}],"wp:attachment":[{"href":"https:\/\/nordicopen.dance\/index.php?rest_route=%2Fwp%2Fv2%2Fmedia&parent=171"}],"curies":[{"name":"wp","href":"https:\/\/api.w.org\/{rel}","templated":true}]}}