{"id":1428,"date":"2023-03-13T20:37:23","date_gmt":"2023-03-13T20:37:23","guid":{"rendered":"https:\/\/nordicopen.dance\/?page_id=1428"},"modified":"2023-03-13T20:40:59","modified_gmt":"2023-03-13T20:40:59","slug":"directions-2","status":"publish","type":"page","link":"https:\/\/nordicopen.dance\/?page_id=1428","title":{"rendered":"Directions (2023)"},"content":{"rendered":"\n<p>Nordic Open 2023 is held in Otto M\u00f8nsted Hal in N\u00f8rrebro at the Copenhagen University. It is the first time we are cooperating with the university and we are excited to show you our new venue.<\/p>\n\n\n\n<p><a href=\"https:\/\/goo.gl\/maps\/SmVQ9ycb4ciMSerw7\">https:\/\/goo.gl\/maps\/SmVQ9ycb4ciMSerw7<\/a><br><\/p>\n\n\n\n<h2 class=\"wp-block-heading\">Address: N\u00f8rre All\u00e9 53, 2200 K\u00f8benhavn<\/h2>\n\n\n\n<h3 class=\"wp-block-heading\">Taking public transportation<\/h3>\n\n\n\n<p>Plan your route using rejseplanen.dk (available in English and German). <br><\/p>\n\n\n\n<p><a rel=\"noreferrer noopener\" aria-label=\" (opens in a new tab)\" href=\"https:\/\/rejseplanen.dk\/webapp\/?language=en_EN#!P|TP!histId|1!histKey|H372165\" target=\"_blank\">https:\/\/rejseplanen.dk\/webapp\/?language=en_EN<\/a><br><a href=\"https:\/\/rejseplanen.dk\/webapp\/?language=de_DE\">https:\/\/rejseplanen.dk\/webapp\/?language=de_DE<\/a> <br><\/p>\n\n\n\n<p>Nearest stop:  N\u00f8rre Campus (for busses 6A, 184, 185, 150S) <\/p>\n\n\n\n<h3 class=\"wp-block-heading\">By car<\/h3>\n\n\n\n<p>There are parking spaces along N\u00f8rre All\u00e9. <br>Check local information for parking fees (costs 15-16 DKK\/hour,<br>Saturday after 17h and on Sundays parking is free of charge).  <br>https:\/\/www.kk.dk\/parkeringszoner &#8211; only available in Danish <\/p>\n\n\n\n<p>There is also a parking garage in  Frederik V&#8217;s Vej&nbsp; belonging to the Hospital. It is open for public parking from Friday 15h to Monday 6h. It costs 14DKK\/hour and can be paid by easypark app (area code:  4346).<br><\/p>\n\n\n\n<p><\/p>\n\n\n<p><!--EndFragment--><\/p>\n<p><\/p>","protected":false},"excerpt":{"rendered":"<p>Nordic Open 2023 is held in Otto M\u00f8nsted Hal in N\u00f8rrebro at the Copenhagen University. It is the first time we are cooperating with the university and we are excited to show you our new venue. https:\/\/goo.gl\/maps\/SmVQ9ycb4ciMSerw7 Address: N\u00f8rre All\u00e9 53, 2200 K\u00f8benhavn Taking public transportation Plan your route using rejseplanen.dk (available in English and [&hellip;]<\/p>\n","protected":false},"author":4,"featured_media":0,"parent":0,"menu_order":0,"comment_status":"closed","ping_status":"closed","template":"","meta":{"footnotes":""},"_links":{"self":[{"href":"https:\/\/nordicopen.dance\/index.php?rest_route=\/wp\/v2\/pages\/1428"}],"collection":[{"href":"https:\/\/nordicopen.dance\/index.php?rest_route=\/wp\/v2\/pages"}],"about":[{"href":"https:\/\/nordicopen.dance\/index.php?rest_route=\/wp\/v2\/types\/page"}],"author":[{"embeddable":true,"href":"https:\/\/nordicopen.dance\/index.php?rest_route=\/wp\/v2\/users\/4"}],"replies":[{"embeddable":true,"href":"https:\/\/nordicopen.dance\/index.php?rest_route=%2Fwp%2Fv2%2Fcomments&post=1428"}],"version-history":[{"count":4,"href":"https:\/\/nordicopen.dance\/index.php?rest_route=\/wp\/v2\/pages\/1428\/revisions"}],"predecessor-version":[{"id":1435,"href":"https:\/\/nordicopen.dance\/index.php?rest_route=\/wp\/v2\/pages\/1428\/revisions\/1435"}],"wp:attachment":[{"href":"https:\/\/nordicopen.dance\/index.php?rest_route=%2Fwp%2Fv2%2Fmedia&parent=1428"}],"curies":[{"name":"wp","href":"https:\/\/api.w.org\/{rel}","templated":true}]}}