{"id":121,"date":"2016-06-18T11:39:08","date_gmt":"2016-06-18T11:39:08","guid":{"rendered":"https:\/\/nordicopen.dance\/?page_id=121"},"modified":"2026-04-08T19:47:38","modified_gmt":"2026-04-08T19:47:38","slug":"registration","status":"publish","type":"page","link":"https:\/\/nordicopen.dance\/?page_id=121","title":{"rendered":"Registration"},"content":{"rendered":"<h3>Registrering \u00e5bner juli 2026!<\/h3>\n<p>Hvis du har sp\u00f8rgsm\u00e5l, s\u00e5 <a href=\"mailto:info@nordicopen.dance\">send en e-mail<\/a> eller bes\u00f8g\u00a0<a href=\"https:\/\/www.facebook.com\/profile.php?id=100054323869759\">Facebook-siden<\/a>.<\/p>\n<h3>Registration opens july 2026!<\/h3>\n<p>If you have any problems or questions, please <a href=\"mailto:info@nordicopen.dance\">send an email<\/a> or visit the <a href=\"https:\/\/www.facebook.com\/profile.php?id=100054323869759\">Facebook page<\/a>.<\/p>\n","protected":false},"excerpt":{"rendered":"<p>Registrering \u00e5bner juli 2026! Hvis du har sp\u00f8rgsm\u00e5l, s\u00e5 send en e-mail eller bes\u00f8g\u00a0Facebook-siden. Registration opens july 2026! If you have any problems or questions, please send an email or visit the Facebook page.<\/p>\n","protected":false},"author":2,"featured_media":0,"parent":0,"menu_order":0,"comment_status":"closed","ping_status":"closed","template":"template-fullwidth.php","meta":{"footnotes":""},"_links":{"self":[{"href":"https:\/\/nordicopen.dance\/index.php?rest_route=\/wp\/v2\/pages\/121"}],"collection":[{"href":"https:\/\/nordicopen.dance\/index.php?rest_route=\/wp\/v2\/pages"}],"about":[{"href":"https:\/\/nordicopen.dance\/index.php?rest_route=\/wp\/v2\/types\/page"}],"author":[{"embeddable":true,"href":"https:\/\/nordicopen.dance\/index.php?rest_route=\/wp\/v2\/users\/2"}],"replies":[{"embeddable":true,"href":"https:\/\/nordicopen.dance\/index.php?rest_route=%2Fwp%2Fv2%2Fcomments&post=121"}],"version-history":[{"count":78,"href":"https:\/\/nordicopen.dance\/index.php?rest_route=\/wp\/v2\/pages\/121\/revisions"}],"predecessor-version":[{"id":1583,"href":"https:\/\/nordicopen.dance\/index.php?rest_route=\/wp\/v2\/pages\/121\/revisions\/1583"}],"wp:attachment":[{"href":"https:\/\/nordicopen.dance\/index.php?rest_route=%2Fwp%2Fv2%2Fmedia&parent=121"}],"curies":[{"name":"wp","href":"https:\/\/api.w.org\/{rel}","templated":true}]}}